{"id":264802,"date":"2021-06-08T14:43:48","date_gmt":"2021-06-08T12:43:48","guid":{"rendered":"https:\/\/www.rossbach-umwelttechnik.de\/oil-defence\/sorbents-emergency-sets\/"},"modified":"2023-10-16T16:15:11","modified_gmt":"2023-10-16T14:15:11","slug":"sorbents-emergency-sets","status":"publish","type":"page","link":"https:\/\/www.rossbach-umwelttechnik.de\/en\/oil-defence\/sorbents-emergency-sets\/","title":{"rendered":"Sorbents &amp; Emergency Sets"},"content":{"rendered":"<p>[et_pb_section fb_built=&#8221;1&#8243; _builder_version=&#8221;4.16&#8243; _module_preset=&#8221;default&#8221; background_color=&#8221;#EFEFEF&#8221; custom_margin=&#8221;0px||0px||false|false&#8221; custom_padding=&#8221;0px||0px||false|false&#8221; global_colors_info=&#8221;{}&#8221;][et_pb_row _builder_version=&#8221;4.16&#8243; _module_preset=&#8221;default&#8221; width=&#8221;100%&#8221; max_width=&#8221;1920px&#8221; custom_margin=&#8221;0px||0px||false|false&#8221; custom_padding=&#8221;0px||0px||false|false&#8221; global_colors_info=&#8221;{}&#8221;][et_pb_column type=&#8221;4_4&#8243; _builder_version=&#8221;4.16&#8243; _module_preset=&#8221;default&#8221; global_colors_info=&#8221;{}&#8221;][et_pb_slider use_bg_overlay=&#8221;on&#8221; bg_overlay_color=&#8221;RGBA(0,0,0,0)&#8221; use_text_overlay=&#8221;off&#8221; module_class=&#8221;ros-slider&#8221; _builder_version=&#8221;4.16&#8243; _module_preset=&#8221;default&#8221; body_text_align=&#8221;left&#8221; body_font_size=&#8221;67px&#8221; background_color=&#8221;#002851&#8243; transform_origin=&#8221;140%|50%&#8221; width_tablet=&#8221;&#8221; width_phone=&#8221;&#8221; width_last_edited=&#8221;on|tablet&#8221; module_alignment=&#8221;left&#8221; content_max_width=&#8221;100%&#8221; height=&#8221;520px&#8221; height_tablet=&#8221;316px&#8221; height_phone=&#8221;240px&#8221; height_last_edited=&#8221;on|phone&#8221; max_height=&#8221;520px&#8221; max_height_tablet=&#8221;316px&#8221; max_height_phone=&#8221;240px&#8221; max_height_last_edited=&#8221;on|phone&#8221; auto=&#8221;on&#8221; body_text_shadow_style=&#8221;preset3&#8243; global_colors_info=&#8221;{}&#8221;][et_pb_slide content_last_edited=&#8221;off|phone&#8221; _builder_version=&#8221;4.16&#8243; _module_preset=&#8221;default&#8221; header_text_color=&#8221;#FFFFFF&#8221; header_font_size=&#8221;84px&#8221; body_text_align=&#8221;left&#8221; body_font_size=&#8221;51px&#8221; body_letter_spacing=&#8221;4px&#8221; body_line_height=&#8221;1.2em&#8221; background_image=&#8221;https:\/\/www.rossbach-umwelttechnik.de\/wp-content\/uploads\/2021\/09\/Rossbach-PU-Bindewuerfel.jpg&#8221; background_enable_image=&#8221;on&#8221; text_orientation=&#8221;left&#8221; width=&#8221;100%&#8221; custom_padding=&#8221;100px||||false|false&#8221; custom_padding_tablet=&#8221;23px|||30px|false|false&#8221; custom_padding_phone=&#8221;19px|||13px|false|false&#8221; custom_padding_last_edited=&#8221;on|tablet&#8221; body_font_size_tablet=&#8221;36px&#8221; body_font_size_phone=&#8221;29px&#8221; body_font_size_last_edited=&#8221;on|phone&#8221; background_last_edited=&#8221;on|phone&#8221; background_position_phone=&#8221;center_right&#8221; global_colors_info=&#8221;{}&#8221; sticky_transition=&#8221;on&#8221;][\/et_pb_slide][\/et_pb_slider][\/et_pb_column][\/et_pb_row][\/et_pb_section][et_pb_section fb_built=&#8221;1&#8243; custom_padding_last_edited=&#8221;on|phone&#8221; _builder_version=&#8221;4.16&#8243; _module_preset=&#8221;default&#8221; custom_padding=&#8221;70px||0px||false|false&#8221; custom_padding_tablet=&#8221;50px||||false|false&#8221; custom_padding_phone=&#8221;&#8221; global_colors_info=&#8221;{}&#8221;][et_pb_row _builder_version=&#8221;4.16&#8243; _module_preset=&#8221;default&#8221; custom_margin=&#8221;0px||0px||false|false&#8221; custom_padding=&#8221;0px||0px||false|false&#8221; global_colors_info=&#8221;{}&#8221;][et_pb_column type=&#8221;4_4&#8243; _builder_version=&#8221;4.16&#8243; _module_preset=&#8221;default&#8221; global_colors_info=&#8221;{}&#8221;][et_pb_text _builder_version=&#8221;4.16&#8243; _module_preset=&#8221;default&#8221; text_letter_spacing=&#8221;1px&#8221; header_font=&#8221;||||||||&#8221; header_line_height=&#8221;1.4em&#8221; header_3_font_size=&#8221;20px&#8221; header_3_line_height=&#8221;2.5em&#8221; custom_margin=&#8221;||0px||false|false&#8221; custom_padding=&#8221;||0px||false|false&#8221; text_font_size_tablet=&#8221;&#8221; text_font_size_phone=&#8221;&#8221; text_font_size_last_edited=&#8221;on|desktop&#8221; header_font_size_tablet=&#8221;&#8221; header_font_size_phone=&#8221;25px&#8221; header_font_size_last_edited=&#8221;on|phone&#8221; header_3_font_size_tablet=&#8221;&#8221; header_3_font_size_phone=&#8221;13px&#8221; header_3_font_size_last_edited=&#8221;on|phone&#8221; global_colors_info=&#8221;{}&#8221;]<\/p>\n<h1>Sorbents &amp; Emergency Sets<\/h1>\n<p>[\/et_pb_text][et_pb_text _builder_version=&#8221;4.16&#8243; _module_preset=&#8221;default&#8221; global_colors_info=&#8221;{}&#8221;]<\/p>\n<p>For a safe and controlled absorption of harmful liquids, such as oil, we offer various sorbents and oil spill emergency kits.<\/p>\n<p>The sorbents are made of an absorbent material, such as PU foam or fleece, and can be used in different ways. <br \/>Thanks to special fabrication technology, sorbents can absorb 8 times their own weight in oil and thus belong to the high-performance absorbers. Since the sorbents do not absorb water and float on the surface, they are particularly suitable for absorbing light liquids in water.<\/p>\n<p>Oil binding cubes and sorbent cloths are therefore often used in stagnant or flowing waters, but also for spills on land. The sorbents belonging to the ACS combi oil barrier are already integrated in the oil barrier from the outset and can thus lead to the best possible containment and absorption of light fluids. <span style=\"font-size: 17px;\">After use, the sorbents are disposed of properly and the barrier can be cleaned and used again. <\/span><\/p>\n<p>Our emergency sets have already proven their worth with many fire brigades and THWs. We are also happy to put together any equipment in a practical transport bag on request.<\/p>\n<p>Just ask us!<\/p>\n<p>&nbsp;<\/p>\n<p>[\/et_pb_text][et_pb_text _builder_version=&#8221;4.16&#8243; _module_preset=&#8221;default&#8221; global_colors_info=&#8221;{}&#8221;][\/et_pb_text][\/et_pb_column][\/et_pb_row][et_pb_row _builder_version=&#8221;4.16&#8243; _module_preset=&#8221;default&#8221; custom_margin=&#8221;0px||||false|false&#8221; custom_padding=&#8221;0px||||false|false&#8221; global_colors_info=&#8221;{}&#8221;][et_pb_column type=&#8221;4_4&#8243; _builder_version=&#8221;4.16&#8243; _module_preset=&#8221;default&#8221; global_colors_info=&#8221;{}&#8221;][et_pb_accordion open_toggle_text_color=&#8221;#002851&#8243; closed_toggle_background_color=&#8221;rgba(0,40,81,0.81)&#8221; icon_color=&#8221;#FFFFFF&#8221; use_icon_font_size=&#8221;on&#8221; icon_font_size=&#8221;20px&#8221; module_class=&#8221;ros-zubehoer&#8221; _builder_version=&#8221;4.19.4&#8243; _module_preset=&#8221;default&#8221; toggle_text_color=&#8221;#EFEFEF&#8221; toggle_font_size=&#8221;20px&#8221; custom_margin=&#8221;0px|0px|0px|0px|false|false&#8221; custom_padding=&#8221;0px|0px|0px|0px|false|false&#8221; border_width_all=&#8221;0px&#8221; global_colors_info=&#8221;{}&#8221;][et_pb_accordion_item open_toggle_text_color=&#8221;#002851&#8243; _builder_version=&#8221;4.16&#8243; _module_preset=&#8221;default&#8221; body_text_color=&#8221;#707070&#8243; custom_margin=&#8221;0px||||false|false&#8221; custom_padding=&#8221;18px||18px||false|false&#8221; global_colors_info=&#8221;{}&#8221; toggle_text_color=&#8221;#FFFFFF&#8221; toggle_level=&#8221;h4&#8243; open=&#8221;off&#8221;][\/et_pb_accordion_item][et_pb_accordion_item title=&#8221;Sorbents&#8221; content_tablet=&#8221;<\/p>\n<table border=%220%22 style=%22width: 100%; border-collapse: collapse; border-style: none;%22>\n<tbody>\n<tr>\n<td style=%22width: 21.3701%;%22>\n<h4>PU-\u00d6lbindew\u00fcrfel<\/h4>\n<\/td>\n<td style=%22width: 33.9468%;%22><img src=%22https:\/\/www.rossbach-umwelttechnik.de\/wp-content\/uploads\/2021\/07\/PU-Oelbindewuerfel.jpg%22 width=%22150%22 height=%22136%22 alt=%22%22 class=%22wp-image-256837 alignnone size-full%22 \/><\/td>\n<td style=%22width: 44.683%;%22>\n<div class=%22ros-zubkasten%22>\n<p>ART.-Nr. 1301001<\/p>\n<\/div>\n<\/td>\n<\/tr>\n<tr>\n<td style=%22width: 21.3701%;%22><\/td>\n<td style=%22width: 33.9468%;%22><\/td>\n<td style=%22width: 44.683%;%22><\/td>\n<\/tr>\n<tr>\n<td style=%22width: 21.3701%;%22>\n<h4 style=%22text-align: justify;%22>Sorbenten ACS<\/h4>\n<\/p>\n<\/td>\n<td style=%22width: 33.9468%;%22><img src=%22https:\/\/www.rossbach-umwelttechnik.de\/wp-content\/uploads\/2021\/11\/sorbenten_ACS-300x214.jpg%22 width=%22150%22 height=%22107%22 alt=%22sorbenten_ACS%22 class=%22wp-image-257692 alignnone size-medium%22 \/><\/td>\n<td style=%22width: 44.683%;%22>\n<div class=%22ros-zubkasten%22>\n<p>ART.-Nr. 456001<\/p>\n<\/div>\n<div class=%22ros-zubkasten%22><\/div>\n<\/td>\n<\/tr>\n<tr>\n<td style=%22width: 21.3701%;%22><\/td>\n<td style=%22width: 33.9468%;%22><\/td>\n<td style=%22width: 44.683%;%22><\/td>\n<\/tr>\n<tr>\n<td style=%22width: 21.3701%;%22>\n<h4 style=%22text-align: justify;%22>Sorbentt\u00fccher<\/h4>\n<\/p>\n<\/td>\n<td style=%22width: 33.9468%;%22><img src=%22https:\/\/www.rossbach-umwelttechnik.de\/wp-content\/uploads\/2021\/11\/Sorbenttuecher-300x272.jpg%22 width=%22150%22 height=%22136%22 alt=%22Sorbentt\u00fccher%22 class=%22wp-image-257712 alignnone size-medium%22 \/><\/td>\n<td style=%22width: 44.683%;%22>\n<div class=%22ros-zubkasten%22>\n<p>ART.-Nr. 1313001<\/p>\n<\/div>\n<\/td>\n<\/tr>\n<tr>\n<td style=%22width: 21.3701%;%22><\/td>\n<td style=%22width: 33.9468%;%22><\/td>\n<td style=%22width: 44.683%;%22><\/td>\n<\/tr>\n<tr>\n<td style=%22width: 21.3701%;%22>\n<h4>Sorbenten-Set 20 St\u00fcck, inkl. Tasche<\/h4>\n<\/p>\n<\/td>\n<td style=%22width: 33.9468%;%22><img src=%22https:\/\/www.rossbach-umwelttechnik.de\/wp-content\/uploads\/2021\/06\/sorbenten_ACS.jpg%22 width=%22150%22 height=%22136%22 alt=%22%22 class=%22wp-image-256151 alignnone size-full%22 \/><\/td>\n<td style=%22width: 44.683%;%22>\n<div class=%22ros-zubkasten%22>\n<p>ART.-Nr. 456001<\/p>\n<\/div>\n<\/td>\n<\/tr>\n<tr>\n<td style=%22width: 21.3701%;%22><\/td>\n<td style=%22width: 33.9468%;%22><\/td>\n<td style=%22width: 44.683%;%22><\/td>\n<\/tr>\n<tr>\n<td style=%22width: 21.3701%;%22>\n<h4>Sorb-Sperre<\/h4>\n<\/p>\n<\/td>\n<td style=%22width: 33.9468%;%22><img src=%22https:\/\/www.rossbach-umwelttechnik.de\/wp-content\/uploads\/2021\/11\/Sorbentschlauch-300x273.jpg%22 width=%22149%22 height=%22136%22 alt=%22Sorbentschlauch%22 class=%22wp-image-257714 alignnone size-medium%22 \/><\/td>\n<td style=%22width: 44.683%;%22>ART.-Nr. 1300000006<\/td>\n<\/tr>\n<tr>\n<td style=%22width: 21.3701%;%22><\/td>\n<td style=%22width: 33.9468%;%22><\/td>\n<td style=%22width: 44.683%;%22><\/td>\n<\/tr>\n<\/tbody>\n<\/table>\n<h4><\/h4>\n<p>&#8221; content_phone=&#8221;<\/p>\n<div class=%22ros-zubkasten%22>\n<p><img src=%22https:\/\/www.rossbach-umwelttechnik.de\/wp-content\/uploads\/2021\/07\/PU-Oelbindewuerfel.jpg%22 width=%22150%22 height=%22136%22 alt=%22%22 class=%22wp-image-256837 alignnone size-full%22 \/><\/p>\n<h4>PU-\u00d6lbindew\u00fcrfel<\/h4>\n<p>ART.-Nr. 1301001<\/p>\n<\/div>\n<div class=%22ros-zubkasten%22>\n<p><img src=%22https:\/\/www.rossbach-umwelttechnik.de\/wp-content\/uploads\/2021\/11\/sorbenten_ACS-300x214.jpg%22 width=%22150%22 height=%22107%22 alt=%22sorbenten_ACS%22 class=%22wp-image-257692 alignnone size-medium%22 \/><\/p>\n<h4 style=%22text-align: justify;%22>Sorbenten ACS<\/h4>\n<p>ART.-Nr. 456001<\/p>\n<\/div>\n<div class=%22ros-zubkasten%22>\n<p><img src=%22https:\/\/www.rossbach-umwelttechnik.de\/wp-content\/uploads\/2021\/11\/Sorbenttuecher-300x272.jpg%22 width=%22150%22 height=%22136%22 alt=%22Sorbentt\u00fccher%22 class=%22wp-image-257712 alignnone size-medium%22 \/><\/p>\n<h4 style=%22text-align: justify;%22>Sorbentt\u00fccher<\/h4>\n<p>ART.-Nr. 1313001<\/p>\n<\/div>\n<div class=%22ros-zubkasten%22>\n<p><img src=%22https:\/\/www.rossbach-umwelttechnik.de\/wp-content\/uploads\/2021\/06\/sorbenten_ACS.jpg%22 width=%22150%22 height=%22136%22 alt=%22%22 class=%22wp-image-256151 alignnone size-full%22 \/><\/p>\n<h4>Sorbenten-Set 20 St\u00fcck, inkl. Tasche<\/h4>\n<p>ART.-Nr. 456001<\/p>\n<\/div>\n<div class=%22ros-zubkasten%22>\n<p><img src=%22https:\/\/www.rossbach-umwelttechnik.de\/wp-content\/uploads\/2021\/11\/Sorbentschlauch-300x273.jpg%22 width=%22149%22 height=%22136%22 alt=%22Sorbentschlauch%22 class=%22wp-image-257714 alignnone size-medium%22 \/><\/p>\n<h4>Sorb-Sperre<\/h4>\n<p>ART.-Nr. 1300000006<\/p>\n<\/div>\n<p>&#8221; content_last_edited=&#8221;on|desktop&#8221; _builder_version=&#8221;4.19.4&#8243; _module_preset=&#8221;default&#8221; custom_padding=&#8221;10px||10px||false|false&#8221; global_colors_info=&#8221;{}&#8221; open=&#8221;on&#8221;]<\/p>\n<table border=\"0\" style=\"width: 100%; border-collapse: collapse; border-style: none;\">\n<tbody>\n<tr>\n<td style=\"width: 33.3333%;\">\n<h4>PU oil binding cubes<\/h4>\n<\/td>\n<td style=\"width: 33.3333%;\"><img loading=\"lazy\" decoding=\"async\" src=\"https:\/\/www.rossbach-umwelttechnik.de\/wp-content\/uploads\/2021\/07\/PU-Oelbindewuerfel.jpg\" width=\"150\" height=\"136\" alt=\"\" class=\"wp-image-256837 alignnone size-full\" title=\"\"><\/td>\n<td style=\"width: 33.3333%;\">\n<div class=\"ros-zubkasten\">\n<p>Item no. 1301001<\/p>\n<\/div>\n<\/td>\n<\/tr>\n<tr>\n<td style=\"width: 33.3333%;\"><\/td>\n<td style=\"width: 33.3333%;\"><\/td>\n<td style=\"width: 33.3333%;\"><\/td>\n<\/tr>\n<tr>\n<td style=\"width: 33.3333%;\">\n<h4 style=\"text-align: justify;\">Sorbents ACS<\/h4>\n<p>&nbsp;<\/p>\n<\/td>\n<td style=\"width: 33.3333%;\"><img loading=\"lazy\" decoding=\"async\" src=\"https:\/\/www.rossbach-umwelttechnik.de\/wp-content\/uploads\/2021\/11\/sorbenten_ACS-300x214.jpg\" width=\"150\" height=\"107\" alt=\"sorbenten_ACS\" class=\"wp-image-257692 alignnone size-medium\" title=\"\" srcset=\"https:\/\/www.rossbach-umwelttechnik.de\/wp-content\/uploads\/2021\/11\/sorbenten_ACS-300x214.jpg 300w, https:\/\/www.rossbach-umwelttechnik.de\/wp-content\/uploads\/2021\/11\/sorbenten_ACS.jpg 350w\" sizes=\"(max-width: 150px) 100vw, 150px\" \/><\/td>\n<td style=\"width: 33.3333%;\">\n<div class=\"ros-zubkasten\">\n<p>Item no. 13300001&#8211;<\/p>\n<\/div>\n<div class=\"ros-zubkasten\"><\/div>\n<\/td>\n<\/tr>\n<tr>\n<td style=\"width: 33.3333%;\"><\/td>\n<td style=\"width: 33.3333%;\"><\/td>\n<td style=\"width: 33.3333%;\"><\/td>\n<\/tr>\n<tr>\n<td style=\"width: 33.3333%;\">\n<h4 style=\"text-align: justify;\">Sorbent cloths<\/h4>\n<p>&nbsp;<\/p>\n<\/td>\n<td style=\"width: 33.3333%;\"><img loading=\"lazy\" decoding=\"async\" src=\"https:\/\/www.rossbach-umwelttechnik.de\/wp-content\/uploads\/2021\/11\/Sorbenttuecher-300x272.jpg\" width=\"150\" height=\"136\" alt=\"Sorbent cloths\" class=\"wp-image-257712 alignnone size-medium\" title=\"\" srcset=\"https:\/\/www.rossbach-umwelttechnik.de\/wp-content\/uploads\/2021\/11\/Sorbenttuecher-300x272.jpg 300w, https:\/\/www.rossbach-umwelttechnik.de\/wp-content\/uploads\/2021\/11\/Sorbenttuecher.jpg 350w\" sizes=\"(max-width: 150px) 100vw, 150px\" \/><\/td>\n<td style=\"width: 33.3333%;\">\n<div class=\"ros-zubkasten\">\n<p>Item no. 1313001<\/p>\n<\/div>\n<\/td>\n<\/tr>\n<tr>\n<td style=\"width: 33.3333%;\"><\/td>\n<td style=\"width: 33.3333%;\"><\/td>\n<td style=\"width: 33.3333%;\"><\/td>\n<\/tr>\n<tr>\n<td style=\"width: 33.3333%;\">\n<h4>Sorbent set 20 pieces, incl. Bag<\/h4>\n<p>&nbsp;<\/p>\n<\/td>\n<td style=\"width: 33.3333%;\"><img loading=\"lazy\" decoding=\"async\" src=\"https:\/\/www.rossbach-umwelttechnik.de\/wp-content\/uploads\/2021\/06\/sorbenten_ACS.jpg\" width=\"150\" height=\"136\" alt=\"\" class=\"wp-image-256151 alignnone size-full\" title=\"\"><\/td>\n<td style=\"width: 33.3333%;\">\n<div class=\"ros-zubkasten\">\n<p>Item no. 456001<\/p>\n<\/div>\n<\/td>\n<\/tr>\n<tr>\n<td style=\"width: 33.3333%;\"><\/td>\n<td style=\"width: 33.3333%;\"><\/td>\n<td style=\"width: 33.3333%;\"><\/td>\n<\/tr>\n<tr>\n<td style=\"width: 33.3333%;\">\n<h4>Sorb barrier<\/h4>\n<p>&nbsp;<\/p>\n<\/td>\n<td style=\"width: 33.3333%;\"><img loading=\"lazy\" decoding=\"async\" src=\"https:\/\/www.rossbach-umwelttechnik.de\/wp-content\/uploads\/2021\/11\/Sorbentschlauch-300x273.jpg\" width=\"149\" height=\"136\" alt=\"Sorbent hose\" class=\"wp-image-257714 alignnone size-medium\" title=\"\" srcset=\"https:\/\/www.rossbach-umwelttechnik.de\/wp-content\/uploads\/2021\/11\/Sorbentschlauch-300x273.jpg 300w, https:\/\/www.rossbach-umwelttechnik.de\/wp-content\/uploads\/2021\/11\/Sorbentschlauch.jpg 350w\" sizes=\"(max-width: 149px) 100vw, 149px\" \/><\/td>\n<td style=\"width: 33.3333%;\">Item no. 1300000006<\/td>\n<\/tr>\n<tr>\n<td style=\"width: 33.3333%;\"><\/td>\n<td style=\"width: 33.3333%;\"><\/td>\n<td style=\"width: 33.3333%;\"><\/td>\n<\/tr>\n<\/tbody>\n<\/table>\n<h4><\/h4>\n<p>[\/et_pb_accordion_item][et_pb_accordion_item title=&#8221;Emergency kits&#8221; open=&#8221;off&#8221; content_tablet=&#8221;<\/p>\n<div class=%22ros-zubkasten%22>\n<div class=%22ros-zubkasten%22>\n<p>\u00a0<\/p>\n<table border=%220%22 style=%22height: 522px; width: 100%; border-collapse: collapse; border-style: none;%22>\n<tbody>\n<tr style=%22height: 104px;%22>\n<td style=%22width: 33.7423%; height: 10px;%22>\n<h4>Sorbenten-Set<\/h4>\n<p><img src=%22https:\/\/www.rossbach-umwelttechnik.de\/wp-content\/uploads\/2021\/06\/Rossbach-SorbentenTasche-300x214.jpg%22 width=%22378%22 height=%22270%22 alt=%22%22 class=%22wp-image-255787 alignnone size-medium%22 \/><\/p>\n<\/td>\n<td style=%22width: 1.53374%; height: 10px;%22>\n<p>ART.-NR. 04112001<\/p>\n<ul>\n<li>20 Sorbenten 1000 x 100 mm<\/li>\n<li>Tragetasche mit Griff<\/li>\n<\/ul>\n<\/td>\n<\/tr>\n<tr style=%22height: 512px;%22>\n<td style=%22width: 33.7423%; height: 512px;%22>\n<h4>Combi-\u00d6lsperren-Set 10 oder 20 m<\/h4>\n<p><img src=%22https:\/\/www.rossbach-umwelttechnik.de\/wp-content\/uploads\/2021\/07\/Oelsperren-Set-300x214.jpg%22 width=%22361%22 height=%22257%22 alt=%22%22 class=%22wp-image-256863 alignnone size-medium%22 style=%22display: block; margin-left: auto; margin-right: auto;%22 \/><\/p>\n<\/td>\n<td style=%22width: 1.53374%; height: 512px;%22>\n<p>ART.-NR. 04300001-<\/p>\n<ul>\n<li>4 x 2 m und  2 x 1 m (Aufnahmekapazit\u00e4t ca. 50 l),  inkl. Schnellkupplungen,<\/li>\n<li>1 Uferschutzverteilerst\u00fcck,<\/li>\n<li>3 Befestigungs-Endst\u00fccke,<\/li>\n<li>3 Erdn\u00e4gel,<\/li>\n<li>3 x 15 m Zugseil,<\/li>\n<li>1 Vorschlaghammer,<\/li>\n<li>25 \u00d6lbindevliest\u00fccher wei\u00df, 40 x 50 cm, MB, HW,<\/li>\n<li>1 Paar Chemie-Schutzhandschuhe Kat. III, EN 388\/374 Gr.10<\/li>\n<li>10 PE-Entsorgungsbeutel mit Schnellkn\u00fcpfer<\/li>\n<\/ul>\n<\/td>\n<\/tr>\n<\/tbody>\n<\/table>\n<\/div>\n<div class=%22ros-zubkasten%22><\/div>\n<\/p>\n<div class=%22ros-zubkasten%22><\/div>\n<\/div>\n<p>&#8221; content_phone=&#8221;<\/p>\n<div class=%22ros-zubkasten%22>\n<div class=%22ros-zubkasten%22>\n<p>\u00a0<\/p>\n<table border=%220%22 style=%22height: 522px; width: 100%; border-collapse: collapse; border-style: none;%22>\n<tbody>\n<tr style=%22height: 104px;%22>\n<td style=%22width: 33.7423%; height: 10px;%22>\n<h4>Sorbenten-Set<\/h4>\n<p><img src=%22https:\/\/www.rossbach-umwelttechnik.de\/wp-content\/uploads\/2021\/06\/Rossbach-SorbentenTasche-300x214.jpg%22 width=%22378%22 height=%22270%22 alt=%22%22 class=%22wp-image-255787 alignnone size-medium%22 \/><\/p>\n<\/td>\n<td style=%22width: 1.53374%; height: 10px;%22>\n<p>ART.-NR. 04112001<\/p>\n<ul>\n<li>20 Sorbenten 1000 x 100 mm<\/li>\n<li>Tragetasche mit Griff<\/li>\n<\/ul>\n<\/td>\n<\/tr>\n<tr style=%22height: 512px;%22>\n<td style=%22width: 33.7423%; height: 512px;%22>\n<h4>Combi-\u00d6lsperren-Set 10 oder 20 m<\/h4>\n<p><img src=%22https:\/\/www.rossbach-umwelttechnik.de\/wp-content\/uploads\/2021\/07\/Oelsperren-Set-300x214.jpg%22 width=%22361%22 height=%22257%22 alt=%22%22 class=%22wp-image-256863 alignnone size-medium%22 style=%22display: block; margin-left: auto; margin-right: auto;%22 \/><\/p>\n<\/td>\n<td style=%22width: 1.53374%; height: 512px;%22>\n<p>ART.-NR. 04300001-<\/p>\n<ul>\n<li>4 x 2 m und  2 x 1 m (Aufnahmekapazit\u00e4t ca. 50 l),  inkl. Schnellkupplungen,<\/li>\n<li>1 Uferschutzverteilerst\u00fcck,<\/li>\n<li>3 Befestigungs-Endst\u00fccke,<\/li>\n<li>3 Erdn\u00e4gel,<\/li>\n<li>3 x 15 m Zugseil,<\/li>\n<li>1 Vorschlaghammer,<\/li>\n<li>25 \u00d6lbindevliest\u00fccher wei\u00df, 40 x 50 cm, MB, HW,<\/li>\n<li>1 Paar Chemie-Schutzhandschuhe Kat. III, EN 388\/374 Gr.10<\/li>\n<li>10 PE-Entsorgungsbeutel mit Schnellkn\u00fcpfer<\/li>\n<\/ul>\n<\/td>\n<\/tr>\n<\/tbody>\n<\/table>\n<\/div>\n<div class=%22ros-zubkasten%22><\/div>\n<\/div>\n<p>&#8221; content_last_edited=&#8221;on|phone&#8221; _builder_version=&#8221;4.19.4&#8243; _module_preset=&#8221;default&#8221; custom_padding=&#8221;10px||10px||false|false&#8221; global_colors_info=&#8221;{}&#8221;]<\/p>\n<div class=\"ros-zubkasten\">\n<p>&nbsp;<\/p>\n<table border=\"0\" style=\"height: 354px; width: 100%; border-collapse: collapse; border-style: none;\">\n<tbody>\n<tr style=\"height: 104px;\">\n<td style=\"width: 14.5706%; height: 10px;\">\n<h4>Sorbent set<\/h4>\n<p><img loading=\"lazy\" decoding=\"async\" src=\"https:\/\/www.rossbach-umwelttechnik.de\/wp-content\/uploads\/2021\/06\/Rossbach-SorbentenTasche-300x214.jpg\" width=\"300\" height=\"214\" alt=\"Rossbach Sorbents+Bag\" class=\"wp-image-255787 alignnone size-medium\" title=\"\" srcset=\"https:\/\/www.rossbach-umwelttechnik.de\/wp-content\/uploads\/2021\/06\/Rossbach-SorbentenTasche-300x214.jpg 300w, https:\/\/www.rossbach-umwelttechnik.de\/wp-content\/uploads\/2021\/06\/Rossbach-SorbentenTasche.jpg 350w\" sizes=\"(max-width: 300px) 100vw, 300px\" \/><\/p>\n<\/td>\n<td style=\"width: 20.7055%; height: 10px;\">\n<p>ITEM NO. 04112001<\/p>\n<ul>\n<li>20 sorbents 1000 x 100 mm<\/li>\n<li>Carrying bag with handle<\/li>\n<\/ul>\n<\/td>\n<\/tr>\n<tr style=\"height: 512px;\">\n<td style=\"width: 14.5706%; height: 344px;\">\n<h4>Combi oil barrier set 10 or 20 m<\/h4>\n<p><img loading=\"lazy\" decoding=\"async\" src=\"https:\/\/www.rossbach-umwelttechnik.de\/wp-content\/uploads\/2023\/01\/Oelsperren-Set-300x214.jpg\" width=\"276\" height=\"197\" alt=\"\" class=\"wp-image-261999 alignnone size-medium\" title=\"\" srcset=\"https:\/\/www.rossbach-umwelttechnik.de\/wp-content\/uploads\/2023\/01\/Oelsperren-Set-300x214.jpg 300w, https:\/\/www.rossbach-umwelttechnik.de\/wp-content\/uploads\/2023\/01\/Oelsperren-Set.jpg 350w\" sizes=\"(max-width: 276px) 100vw, 276px\" \/><\/p>\n<\/td>\n<td style=\"width: 20.7055%; height: 344px;\">\n<p>Item no. 04300001-<\/p>\n<ul>\n<li>4 x 2 m and 2 x 1 m (holding capacity approx. 50 l), incl. Quick couplings,<\/li>\n<li>1 bank protection manifold piece,<\/li>\n<li>3 fixing end pieces,<\/li>\n<li>3 pegs,<\/li>\n<li>3 x 15 m hauling rope,<\/li>\n<li>1 sledgehammer,<\/li>\n<li>25 Oil binding non-woven cloths white, 40 x 50 cm, MB, HW,<\/li>\n<li>1 pair of chemical protective gloves cat. III, EN 388\/374 Sz.10<\/li>\n<li>10 PE disposal bags with quick ties<\/li>\n<\/ul>\n<\/td>\n<\/tr>\n<\/tbody>\n<\/table>\n<\/div>\n<div class=\"ros-zubkasten\"><\/div>\n<p>[\/et_pb_accordion_item][\/et_pb_accordion][\/et_pb_column][\/et_pb_row][\/et_pb_section]<\/p>\n","protected":false},"excerpt":{"rendered":"<p>Sorbents &amp; Emergency SetsFor a safe and controlled absorption of harmful liquids, such as oil, we offer various sorbents and oil spill emergency kits. The sorbents are made of an absorbent material, such as PU foam or fleece, and can be used in different ways. Thanks to special fabrication technology, sorbents can absorb 8 times [&hellip;]<\/p>\n","protected":false},"author":1,"featured_media":0,"parent":264718,"menu_order":0,"comment_status":"closed","ping_status":"closed","template":"","meta":{"_et_pb_use_builder":"on","_et_pb_old_content":"","_et_gb_content_width":"","inline_featured_image":false,"footnotes":""},"_links":{"self":[{"href":"https:\/\/www.rossbach-umwelttechnik.de\/en\/wp-json\/wp\/v2\/pages\/264802"}],"collection":[{"href":"https:\/\/www.rossbach-umwelttechnik.de\/en\/wp-json\/wp\/v2\/pages"}],"about":[{"href":"https:\/\/www.rossbach-umwelttechnik.de\/en\/wp-json\/wp\/v2\/types\/page"}],"author":[{"embeddable":true,"href":"https:\/\/www.rossbach-umwelttechnik.de\/en\/wp-json\/wp\/v2\/users\/1"}],"replies":[{"embeddable":true,"href":"https:\/\/www.rossbach-umwelttechnik.de\/en\/wp-json\/wp\/v2\/comments?post=264802"}],"version-history":[{"count":5,"href":"https:\/\/www.rossbach-umwelttechnik.de\/en\/wp-json\/wp\/v2\/pages\/264802\/revisions"}],"predecessor-version":[{"id":264807,"href":"https:\/\/www.rossbach-umwelttechnik.de\/en\/wp-json\/wp\/v2\/pages\/264802\/revisions\/264807"}],"up":[{"embeddable":true,"href":"https:\/\/www.rossbach-umwelttechnik.de\/en\/wp-json\/wp\/v2\/pages\/264718"}],"wp:attachment":[{"href":"https:\/\/www.rossbach-umwelttechnik.de\/en\/wp-json\/wp\/v2\/media?parent=264802"}],"curies":[{"name":"wp","href":"https:\/\/api.w.org\/{rel}","templated":true}]}}